{"id":7,"date":"2015-03-17T16:52:30","date_gmt":"2015-03-17T15:52:30","guid":{"rendered":"http:\/\/www.chaletdugermas.fr\/fr\/?page_id=7"},"modified":"2022-06-30T09:38:34","modified_gmt":"2022-06-30T08:38:34","slug":"activites","status":"publish","type":"page","link":"https:\/\/www.chaletdugermas.fr\/fr\/activites\/","title":{"rendered":"Activit\u00e9s vacances au Chalet du Germas"},"content":{"rendered":"<div class=\"flex_column av_one_full  flex_column_div av-zero-column-padding first  avia-builder-el-0  el_before_av_one_full  avia-builder-el-first  \" style='border-radius:0px; '><section class=\"av_textblock_section \"  itemscope=\"itemscope\" itemtype=\"https:\/\/schema.org\/CreativeWork\" ><div class='avia_textblock  '   itemprop=\"text\" ><h1>Activit\u00e9s vacances nature autour du Chalet du Germas<\/h1>\n<\/div><\/section><\/div>\n<div class=\"flex_column av_one_full  flex_column_div av-zero-column-padding first  avia-builder-el-2  el_after_av_one_full  el_before_av_two_third  column-top-margin\" style='border-radius:0px; '><div   data-size='featured'  data-lightbox_size='large'  data-animation='slide'  data-conditional_play=''  data-ids='116,117,114,385'  data-video_counter='0'  data-autoplay='false'  data-bg_slider='false'  data-slide_height=''  data-handle='av_slideshow'  data-interval='5'  data-class=' avia-builder-el-3  avia-builder-el-no-sibling  '  data-el_id=''  data-css_id=''  data-scroll_down=''  data-control_layout='av-control-default'  data-custom_markup=''  data-perma_caption=''  data-autoplay_stopper=''  data-image_attachment=''  data-min_height='0px'  data-lazy_loading='disabled'  data-default-height='28.666666666667'  class='avia-slideshow avia-slideshow-1  av-control-default av-default-height-applied avia-slideshow-featured av_slideshow  avia-builder-el-3  avia-builder-el-no-sibling   avia-slide-slider '  itemprop=\"image\" itemscope=\"itemscope\" itemtype=\"https:\/\/schema.org\/ImageObject\" ><ul class='avia-slideshow-inner ' style='padding-bottom: 39.97867803838%;' ><li  class=' slide-1 ' ><div data-rel='slideshow-1' class='avia-slide-wrap '   ><img decoding=\"async\" class=\"wp-image-116 avia-img-lazy-loading-not-116\"  src=\"https:\/\/www.chaletdugermas.fr\/fr\/wp-content\/uploads\/2015\/03\/slider_activ4.jpg\" width=\"938\" height=\"375\" title='Activit\u00e9s au Chalet du Germas' alt='Activit\u00e9s au Chalet du Germas'  itemprop=\"thumbnailUrl\" srcset=\"https:\/\/www.chaletdugermas.fr\/fr\/wp-content\/uploads\/2015\/03\/slider_activ4.jpg 938w, https:\/\/www.chaletdugermas.fr\/fr\/wp-content\/uploads\/2015\/03\/slider_activ4-300x120.jpg 300w\" sizes=\"(max-width: 938px) 100vw, 938px\" \/><\/div><\/li><li  class=' slide-2 ' ><div data-rel='slideshow-1' class='avia-slide-wrap '   ><img decoding=\"async\" class=\"wp-image-117 avia-img-lazy-loading-not-117\"  src=\"https:\/\/www.chaletdugermas.fr\/fr\/wp-content\/uploads\/2015\/03\/slider_activ5.jpg\" width=\"938\" height=\"375\" title='Activit\u00e9s au Chalet du Germas' alt='Activit\u00e9s au Chalet du Germas'  itemprop=\"thumbnailUrl\" srcset=\"https:\/\/www.chaletdugermas.fr\/fr\/wp-content\/uploads\/2015\/03\/slider_activ5.jpg 938w, https:\/\/www.chaletdugermas.fr\/fr\/wp-content\/uploads\/2015\/03\/slider_activ5-300x120.jpg 300w\" sizes=\"(max-width: 938px) 100vw, 938px\" \/><\/div><\/li><li  class=' slide-3 ' ><div data-rel='slideshow-1' class='avia-slide-wrap '   ><img decoding=\"async\" class=\"wp-image-114 avia-img-lazy-loading-not-114\"  src=\"https:\/\/www.chaletdugermas.fr\/fr\/wp-content\/uploads\/2015\/03\/slider_activ2.jpg\" width=\"938\" height=\"375\" title='Activit\u00e9s au Chalet du Germas' alt='Activit\u00e9s au Chalet du Germas'  itemprop=\"thumbnailUrl\" srcset=\"https:\/\/www.chaletdugermas.fr\/fr\/wp-content\/uploads\/2015\/03\/slider_activ2.jpg 938w, https:\/\/www.chaletdugermas.fr\/fr\/wp-content\/uploads\/2015\/03\/slider_activ2-300x120.jpg 300w\" sizes=\"(max-width: 938px) 100vw, 938px\" \/><\/div><\/li><li  class=' slide-4 ' ><div data-rel='slideshow-1' class='avia-slide-wrap '   ><img decoding=\"async\" class=\"wp-image-385 avia-img-lazy-loading-not-385\"  src=\"https:\/\/www.chaletdugermas.fr\/fr\/wp-content\/uploads\/2020\/01\/slider-activ-2020-c.jpg\" width=\"938\" height=\"375\" title='slider-activ-2020-c' alt=''  itemprop=\"thumbnailUrl\" srcset=\"https:\/\/www.chaletdugermas.fr\/fr\/wp-content\/uploads\/2020\/01\/slider-activ-2020-c.jpg 938w, https:\/\/www.chaletdugermas.fr\/fr\/wp-content\/uploads\/2020\/01\/slider-activ-2020-c-300x120.jpg 300w, https:\/\/www.chaletdugermas.fr\/fr\/wp-content\/uploads\/2020\/01\/slider-activ-2020-c-768x307.jpg 768w\" sizes=\"(max-width: 938px) 100vw, 938px\" \/><\/div><\/li><\/ul><div class='avia-slideshow-arrows avia-slideshow-controls'><a href='#prev' class='prev-slide' aria-hidden='true' data-av_icon='\ue87c' data-av_iconfont='entypo-fontello' aria-hidden=\"true\" tabindex=\"-1\">Pr\u00e9c\u00e9dent<\/a><a href='#next' class='next-slide' aria-hidden='true' data-av_icon='\ue87d' data-av_iconfont='entypo-fontello' aria-hidden=\"true\" tabindex=\"-1\">Suivant<\/a><\/div><div class='avia-slideshow-dots avia-slideshow-controls'><a href='#1' class='goto-slide active' >1<\/a><a href='#2' class='goto-slide ' >2<\/a><a href='#3' class='goto-slide ' >3<\/a><a href='#4' class='goto-slide ' >4<\/a><\/div><\/div><\/div>\n<div class=\"flex_column av_two_third  flex_column_div av-zero-column-padding first  avia-builder-el-4  el_after_av_one_full  el_before_av_one_third  column-top-margin\" style='border-radius:0px; '><section class=\"av_textblock_section \"  itemscope=\"itemscope\" itemtype=\"https:\/\/schema.org\/CreativeWork\" ><div class='avia_textblock  '   itemprop=\"text\" ><h2>NOUVEAU : SKI \u00ab RAQUETTES \u00bb ALTAI HOK<\/h2>\n<p><strong>Le chalet du germas vous propose une initiation aux skis \u00ab raquettes \u00bb Altai Hok<\/strong>, m\u00e9lange de skis de randonn\u00e9e nordique et de raquettes \u00e0 neige. Vous pouvez parcourir des sites enneig\u00e9s et profiter des plaisirs de la glisse. Les d\u00e9butants prendront du plaisir \u00e0 la d\u00e9couverte de la glisse en toute s\u00e9curit\u00e9, les confirm\u00e9s en skis appr\u00e9cieront tout autant. Visitez le\u00a0<a href=\"https:\/\/www.skisraquettes.com\/\" target=\"_blank\" rel=\"noopener\">site d\u00e9di\u00e9 au ski-raquette<\/a>\u00a0(site non commercial)<\/p>\n<p>Les Hoks sont dot\u00e9s de peaux synth\u00e9tiques int\u00e9gr\u00e9es et fixes aux semelles des skis; elles offrent une accroche efficace \u00e0 la mont\u00e9e et une bonne glisse \u00e0 la descente. Les skis disposent de carres m\u00e9talliques. Les Hoks sont \u00e9quip\u00e9s de fixations 0AC EA. Elles sont articul\u00e9es et s\u2019utilisent avec des chaussures souples de randonn\u00e9e ou des bottes de neige. Les sangles qui sont r\u00e9glables permettent d\u2019utiliser \u00e9galement des bottes polaires.<\/p>\n<\/div><\/section><\/div>\n<div class=\"flex_column av_one_third  flex_column_div av-zero-column-padding   avia-builder-el-6  el_after_av_two_third  el_before_av_one_full  column-top-margin\" style='border-radius:0px; '><section class=\"av_textblock_section \"  itemscope=\"itemscope\" itemtype=\"https:\/\/schema.org\/CreativeWork\" ><div class='avia_textblock  '   itemprop=\"text\" ><h2 class=\"service-title builder-it\">VID\u00c9O EXEMPLE ALTAI HOK<\/h2>\n<\/div><\/section><br \/>\n<div  class='avia-video avia-video-16-9   av-lazyload-immediate  av-lazyload-video-embed  '   itemprop=\"video\" itemtype=\"https:\/\/schema.org\/VideoObject\"  data-original_url='https:\/\/youtu.be\/G_OJEGqvdDM' ><script type='text\/html' class='av-video-tmpl'><div class='avia-iframe-wrap'><iframe loading=\"lazy\" title=\"Cet hiver, on skie Hok ! (Le ski-raquette)\" width=\"1500\" height=\"844\" src=\"https:\/\/www.youtube.com\/embed\/G_OJEGqvdDM?feature=oembed&autoplay=0&loop=0&controls=1&mute=0\" frameborder=\"0\" allow=\"accelerometer; autoplay; clipboard-write; encrypted-media; gyroscope; picture-in-picture\" allowfullscreen><\/iframe><\/div><\/script><div class='av-click-to-play-overlay'><div class=\"avia_playpause_icon\"><\/div><\/div><\/div><\/p><\/div>\n<div class=\"flex_column av_one_full  flex_column_div av-zero-column-padding first  avia-builder-el-9  el_after_av_one_third  el_before_av_one_half  column-top-margin\" style='border-radius:0px; '><section class=\"av_textblock_section \"  itemscope=\"itemscope\" itemtype=\"https:\/\/schema.org\/CreativeWork\" ><div class='avia_textblock  '   itemprop=\"text\" ><h2>LOCATION DU MATERIEL :<\/h2>\n<p>Mod\u00e8le en 125 et en 145 cm. Les skis Altai Hok \u00e9tant de plus en plus pl\u00e9biscit\u00e9s,\u00a0<strong>r\u00e9servation souhait\u00e9e<\/strong>.<br \/>\nTARIFS &amp; CAUTION (par personne) : 1 jour = 15 \u20ac, 2 jours = 28 \u20ac, 3 jours = 35 \u20ac, Etc \u2026 d\u00e9gressif, suivant la dur\u00e9e du s\u00e9jour.<br \/>\n<em>Caution encaissable pour tout mat\u00e9riel endommag\u00e9 : 300 \u20ac par paire de skis (correspondant \u00e0 la valeur neuve).<\/em><br \/>\n<em>Initiation et accompagnement sur site : 20 \u20ac par heure et par personne, (d\u00e9gressif suivant la dur\u00e9e du s\u00e9jour).<\/em><\/p>\n<\/div><\/section><\/div>\n<div class=\"flex_column av_one_half  flex_column_div av-zero-column-padding first  avia-builder-el-11  el_after_av_one_full  el_before_av_one_half  column-top-margin\" style='border-radius:0px; '><section class=\"av_textblock_section \"  itemscope=\"itemscope\" itemtype=\"https:\/\/schema.org\/CreativeWork\" ><div class='avia_textblock  '   itemprop=\"text\" ><h2>ACTIVIT\u00c9S NATURE AU CHALET DU GERMAS<\/h2>\n<p>Outre les activit\u00e9s de neige (skis, raquettes, etc \u2026), au printemps et durant l\u2019\u00e9t\u00e9, Jacques et Anne-Marie organisent, des journ\u00e9es d\u00e9couvertes de plantes sauvages, qui sont ensuite cuisin\u00e9es et d\u00e9gust\u00e9es sur place.<\/p>\n<p><img loading=\"lazy\" decoding=\"async\" class=\"alignleft wp-image-242 size-full\" title=\"Activit\u00e9s vacances nature autour du Chalet du Germas\" src=\"http:\/\/www.chaletdugermas.fr\/fr\/wp-content\/uploads\/2016\/01\/activ1-2016.jpg\" sizes=\"(max-width: 450px) 100vw, 450px\" srcset=\"http:\/\/www.chaletdugermas.fr\/fr\/wp-content\/uploads\/2016\/01\/activ1-2016.jpg 450w, http:\/\/www.chaletdugermas.fr\/fr\/wp-content\/uploads\/2016\/01\/activ1-2016-300x203.jpg 300w\" alt=\"Activit\u00e9s vacances nature autour du Chalet du Germas\" width=\"450\" height=\"305\" \/><\/p>\n<\/div><\/section><\/div>\n<div class=\"flex_column av_one_half  flex_column_div av-zero-column-padding   avia-builder-el-13  el_after_av_one_half  el_before_av_section  avia-builder-el-last  column-top-margin\" style='border-radius:0px; '><section class=\"av_textblock_section \"  itemscope=\"itemscope\" itemtype=\"https:\/\/schema.org\/CreativeWork\" ><div class='avia_textblock  '   itemprop=\"text\" ><h2><\/h2>\n<p>Toute l\u2019ann\u00e9e, ils organisent des randonn\u00e9es de jour comme de nuit, succ\u00e8s garanti, et vin chaud \u00e0 volont\u00e9 pour les plus frileux. (<strong><a title=\"Actualit\u00e9s \u2013 Ev\u00e8nements au chalet du germas\" href=\"http:\/\/www.chaletdugermas.fr\/fr\/actualites-evenements\/\">voir programmes<\/a><\/strong>)<\/p>\n<p><img loading=\"lazy\" decoding=\"async\" class=\"aligncenter wp-image-386 size-full\" src=\"https:\/\/www.chaletdugermas.fr\/fr\/wp-content\/uploads\/2020\/01\/escalade.jpg\" alt=\"escalade chalet du Germas\" width=\"450\" height=\"305\" srcset=\"https:\/\/www.chaletdugermas.fr\/fr\/wp-content\/uploads\/2020\/01\/escalade.jpg 450w, https:\/\/www.chaletdugermas.fr\/fr\/wp-content\/uploads\/2020\/01\/escalade-300x203.jpg 300w\" sizes=\"(max-width: 450px) 100vw, 450px\" \/><\/p>\n<\/div><\/section><\/div>\n<\/div><\/div><\/div><!-- close content main div --><\/div><\/div><div id='av_section_1'  class='avia-section main_color avia-section-default avia-no-border-styling  avia-bg-style-scroll  avia-builder-el-15  el_after_av_one_half  avia-builder-el-last   container_wrap fullsize' style=' '  ><div class='container' ><div class='template-page content  av-content-full alpha units'><div class='post-entry post-entry-type-page post-entry-7'><div class='entry-content-wrapper clearfix'>\n<div class=\"flex_column av_one_half  flex_column_div av-zero-column-padding first  avia-builder-el-16  el_before_av_one_half  avia-builder-el-first  \" style='border-radius:0px; '><section class=\"av_textblock_section \"  itemscope=\"itemscope\" itemtype=\"https:\/\/schema.org\/CreativeWork\" ><div class='avia_textblock  '   itemprop=\"text\" ><h2>DEPUIS LE CHALET En prenant la voiture :<\/h2>\n<p>&#8211; D\u00e9part de nombreuses randonn\u00e9es p\u00e9destres<br \/>\n&#8211; Acc\u00e8s \u00e0 diff\u00e9rents lacs d&rsquo;altitude (exemple : Le\u00a0<a title=\"Lac du Lauzannier\" href=\"http:\/\/www.alpes-photos.com\/fiche_lac_lauzanier.htm\" target=\"_blank\" rel=\"noopener\">lac du Lauzanier<\/a>\u00a0et ses marmottes).<br \/>\n&#8211; Parcours VTT, tous niveaux \u2013 Notre partenaire :\u00a0<a href=\"http:\/\/www.spadtribu.fr\/\" target=\"_blank\" rel=\"noopener\">www.spadtribu.fr<br \/>\n&#8211; Acc\u00e8s aux cours de tennis du village.<br \/>\n&#8211; Pour les plus \u00ab\u00a0sportifs\u00a0\u00bb, le jeu de boules sur place<br \/>\n&#8211; D\u00e9part de randonn\u00e9es en raquette et \u00e0 ski. (Location mat\u00e9riel au village)<br \/>\n&#8211; Pistes de ski de fond.<br \/>\n&#8211; Station de ski de\u00a0<\/a><a title=\"Station de ski de Larche\" href=\"http:\/\/www.haute-ubaye.com\/fr\/il4-ubaye_p122-larche.aspx\" target=\"_blank\" rel=\"noopener\">LARCHE<\/a>\u00a0(3 remont\u00e9es m\u00e9caniques, fil \u00e0 neige pour les petits, la Yourte et ses comtes).<br \/>\n&#8211; Sites d&rsquo;escalade \u00e0 30 mn<br \/>\n&#8211; Un nouveau site de Biathlon au village de Larche qui est le plus important site nordique du d\u00e9partement. Am\u00e9nagement d\u2019un pas-de-tir \u00e0 10 m\u00e8tres avec 5 lignes, \u00e9quip\u00e9 de carabines \u00e0 plomb et laser.<br \/>\n&#8211; Visite de tous les forts et blockhaus, vestiges du pass\u00e9.<br \/>\n&#8211; Base nautique de Jausiers.<br \/>\n&#8211; Acc\u00e8s aux villages italiens, notamment\u00a0<a title=\"Cun\u00e9o\" href=\"http:\/\/www.touristie.com\/italie\/Cuneo-region-567\" target=\"_blank\" rel=\"noopener\">CUNEO<\/a>\u00a0et son march\u00e9 r\u00e9put\u00e9 le mardi, \u00e0 1H 30 de Maison M\u00e9ane.<\/p>\n<p><strong>Divers :\u00a0<\/strong>en cas de travers\u00e9e de vall\u00e9e en vall\u00e9e, rapatriement possible au chalet, en mini bus (maxi 8 personnes).<\/p>\n<p><strong>Acc\u00e8s aux stations de ski :<\/strong><br \/>\n<a title=\"Station de Sainte-Anne\" href=\"http:\/\/www.sainte-anne.com\/fr\/index.aspx\" target=\"_blank\" rel=\"noopener\">STE-ANNE<\/a>\u00a0\u00e0 30 mn (au dessus de La Condamine) station familiale, ludique, co\u00fbt mod\u00e9r\u00e9.<br \/>\nVARS \u00e0 30 mn., PRA LOUP \u00e0 45 mn, LE SAUZE \u00e0 45 mn.<\/p>\n<p><strong>Des guides et des accompagnateurs<\/strong> \u00e0 votre disposition pour vous faire d\u00e9couvrir nos montagnes (raquettes, randonn\u00e9es p\u00e9destres, \u00e0 skis, skis de rando, ski de fond,\u00a0 etc &#8230;)<\/p>\n<p><strong>Location VTT \u00e9lectrique<\/strong> : Technicien du sport \u2013 T\u00e9l. 04 92 81 13 93<br \/>\n<strong>Cours de skis de fond<\/strong>\u00a0:\u00a0<a href=\"http:\/\/www.rando-passion.com\/\" target=\"_blank\" rel=\"noopener\">Rando Passion<\/a>\u00a0\u2013 T\u00e9l. 06 81 80 40 74 .<\/p>\n<p>Le <strong>GR5<\/strong> arrive au village de Larche, et part en direction du Parc du Mercantour pour passer \u00ab Le Pas de la Cavale \u00bb et redescendre vers les Alpes-Maritimes (06).<br \/>\nPour votre H\u00e9bergement et un repos bien m\u00e9rit\u00e9 au calme, notre Refuge Gite d\u2019\u00e9tape Chambre d\u2019h\u00f4tes situ\u00e9 au Hameau de Maison M\u00e9ane, au-dessus du village, vous accueillera, sur r\u00e9servation<\/p>\n<\/div><\/section><\/div><div class=\"flex_column av_one_half  flex_column_div av-zero-column-padding   avia-builder-el-18  el_after_av_one_half  avia-builder-el-last  \" style='border-radius:0px; '><section class=\"av_textblock_section \"  itemscope=\"itemscope\" itemtype=\"https:\/\/schema.org\/CreativeWork\" ><div class='avia_textblock  '   itemprop=\"text\" ><h2>DEPUIS LE CHALET Sans prendre la voiture\u00a0:<\/h2>\n<p><strong>Mur d&rsquo;escalade privatif au sein du chalet<\/strong><\/p>\n<p><strong> Ballades diverses<\/strong>\u00a0(<em>liste non exhaustive<\/em>)<br \/>\n<strong>A l\u2019Ubac (en face du chalet)<\/strong><br \/>\n<em><strong>Vallon de Courouit<\/strong><\/em><br \/>\n&#8211; T\u00eate de fer (4H) (Possible en raquettes).<br \/>\n&#8211; Ch\u00e2teau Lombard (3H) (Possible en raquettes).<br \/>\n&#8211; Le Germas (4H).<br \/>\n&#8211; Boucle Lac de Courouit par la Cabane de Courouit et descente par les pr\u00e8s (5H).<br \/>\n<em><strong>Vallon des vaches<\/strong><\/em><br \/>\n&#8211; Boucle vallon des vaches, le Pas de Mauzes, retour par Vallon de Rofre (5H).<br \/>\n&#8211; T\u00eate de Platelonge (4H) (Possible en raquettes).<br \/>\n&#8211; Bec de l\u2019aigle (4H).<br \/>\n<em><strong>Vallon du Lauzanier<\/strong><\/em><br \/>\n&#8211; Lac du Lauzanier (3H30) (Possible en raquettes).<br \/>\n&#8211; Cr\u00eate de l\u2019Alpette et des Cyssalps (3H) (possible en raquettes).<\/p>\n<p><strong>A l\u2019Adret (derri\u00e8re le chalet)<\/strong><br \/>\n&#8211; T\u00eate dure (3H30) (Possible en raquettes) \u2013 Vue exceptionnelle \u2013<br \/>\n&#8211; Boucle Col de Larche \/ Vallon de l\u2019Orenaye \/ Col de Gipi\u00e8re \/ Col R\u00e9mi \/ Maison M\u00e9ane (5H30).<br \/>\n&#8211; Lac de L\u2019Orenaye + Lac de Roburent<br \/>\n(3H + 30mn) (Possible en raquettes).<br \/>\n&#8211; Lac de la Recculaye depuis le Col de Larche (2H30) (Possible en raquettes).<\/p>\n<p><strong>Versant Italien<\/strong><br \/>\n&#8211; Cime de l\u2019Enclause, depuis le Col de Larche, et descente par les arr\u00eates (5H).<\/p>\n<\/div><\/section><\/div>\n","protected":false},"excerpt":{"rendered":"","protected":false},"author":1,"featured_media":0,"parent":0,"menu_order":3,"comment_status":"closed","ping_status":"closed","template":"","meta":{"footnotes":""},"_links":{"self":[{"href":"https:\/\/www.chaletdugermas.fr\/fr\/wp-json\/wp\/v2\/pages\/7"}],"collection":[{"href":"https:\/\/www.chaletdugermas.fr\/fr\/wp-json\/wp\/v2\/pages"}],"about":[{"href":"https:\/\/www.chaletdugermas.fr\/fr\/wp-json\/wp\/v2\/types\/page"}],"author":[{"embeddable":true,"href":"https:\/\/www.chaletdugermas.fr\/fr\/wp-json\/wp\/v2\/users\/1"}],"replies":[{"embeddable":true,"href":"https:\/\/www.chaletdugermas.fr\/fr\/wp-json\/wp\/v2\/comments?post=7"}],"version-history":[{"count":56,"href":"https:\/\/www.chaletdugermas.fr\/fr\/wp-json\/wp\/v2\/pages\/7\/revisions"}],"predecessor-version":[{"id":521,"href":"https:\/\/www.chaletdugermas.fr\/fr\/wp-json\/wp\/v2\/pages\/7\/revisions\/521"}],"wp:attachment":[{"href":"https:\/\/www.chaletdugermas.fr\/fr\/wp-json\/wp\/v2\/media?parent=7"}],"curies":[{"name":"wp","href":"https:\/\/api.w.org\/{rel}","templated":true}]}}