{"id":5,"date":"2015-03-17T16:49:32","date_gmt":"2015-03-17T15:49:32","guid":{"rendered":"http:\/\/www.chaletdugermas.fr\/fr\/?page_id=5"},"modified":"2022-09-26T10:10:25","modified_gmt":"2022-09-26T09:10:25","slug":"chalet-du-germas","status":"publish","type":"page","link":"https:\/\/www.chaletdugermas.fr\/fr\/","title":{"rendered":"Maison d&rsquo;h\u00f4te dans les Alpes en Ubaye : Chalet du germas"},"content":{"rendered":"<section class=\"av_textblock_section \"  itemscope=\"itemscope\" itemtype=\"https:\/\/schema.org\/CreativeWork\" ><div class='avia_textblock  '   itemprop=\"text\" ><h1>Refuge Gite d\u2019\u00e9tape Chambres d\u2019h\u00f4tes H\u00e9bergement dans les Alpes Vall\u00e9e de l\u2019Ubaye<\/h1>\n<\/div><\/section>\n<div class=\"flex_column av_one_full  flex_column_div av-zero-column-padding first  avia-builder-el-1  el_after_av_textblock  el_before_av_two_fifth  column-top-margin\" style='border-radius:0px; '><div   data-size='no scaling'  data-lightbox_size='large'  data-animation='slide'  data-conditional_play=''  data-ids='64,27,26,209,208'  data-video_counter='0'  data-autoplay='true'  data-bg_slider='false'  data-slide_height=''  data-handle='av_slideshow'  data-interval='4'  data-class=' avia-builder-el-2  avia-builder-el-no-sibling  '  data-el_id=''  data-css_id=''  data-scroll_down=''  data-control_layout='av-control-default'  data-custom_markup=''  data-perma_caption=''  data-autoplay_stopper='1'  data-image_attachment=''  data-min_height='0px'  data-lazy_loading='disabled'  class='avia-slideshow avia-slideshow-1  av-control-default av-default-height-applied avia-slideshow-no scaling av_slideshow  avia-builder-el-2  avia-builder-el-no-sibling   avia-slide-slider '  itemprop=\"image\" itemscope=\"itemscope\" itemtype=\"https:\/\/schema.org\/ImageObject\" ><ul class='avia-slideshow-inner ' style='padding-bottom: 39.97867803838%;' ><li  class=' slide-1 ' ><div data-rel='slideshow-1' class='avia-slide-wrap '   ><img decoding=\"async\" class=\"wp-image-64 avia-img-lazy-loading-not-64\"  src=\"https:\/\/www.chaletdugermas.fr\/fr\/wp-content\/uploads\/2015\/03\/slider_hote1.jpg\" width=\"938\" height=\"375\" title='Maison d&#039;hote en Ubaye dans les Alpes' alt='Maison d&#039;hote en Ubaye dans les Alpes activit\u00e9s'  itemprop=\"thumbnailUrl\" srcset=\"https:\/\/www.chaletdugermas.fr\/fr\/wp-content\/uploads\/2015\/03\/slider_hote1.jpg 938w, https:\/\/www.chaletdugermas.fr\/fr\/wp-content\/uploads\/2015\/03\/slider_hote1-300x120.jpg 300w\" sizes=\"(max-width: 938px) 100vw, 938px\" \/><\/div><\/li><li  class=' slide-2 ' ><div data-rel='slideshow-1' class='avia-slide-wrap '   ><img decoding=\"async\" class=\"wp-image-27 avia-img-lazy-loading-not-27\"  src=\"https:\/\/www.chaletdugermas.fr\/fr\/wp-content\/uploads\/2015\/03\/slider_acc4.jpg\" width=\"938\" height=\"375\" title='Plaisirs de la table' alt='Plaisirs de la table'  itemprop=\"thumbnailUrl\" srcset=\"https:\/\/www.chaletdugermas.fr\/fr\/wp-content\/uploads\/2015\/03\/slider_acc4.jpg 938w, https:\/\/www.chaletdugermas.fr\/fr\/wp-content\/uploads\/2015\/03\/slider_acc4-300x120.jpg 300w\" sizes=\"(max-width: 938px) 100vw, 938px\" \/><\/div><\/li><li  class=' slide-3 ' ><div data-rel='slideshow-1' class='avia-slide-wrap '   ><img decoding=\"async\" class=\"wp-image-26 avia-img-lazy-loading-not-26\"  src=\"https:\/\/www.chaletdugermas.fr\/fr\/wp-content\/uploads\/2015\/03\/slider_acc3.jpg\" width=\"938\" height=\"375\" title='Nature et convivialit\u00e9' alt='Nature et convivialit\u00e9'  itemprop=\"thumbnailUrl\" srcset=\"https:\/\/www.chaletdugermas.fr\/fr\/wp-content\/uploads\/2015\/03\/slider_acc3.jpg 938w, https:\/\/www.chaletdugermas.fr\/fr\/wp-content\/uploads\/2015\/03\/slider_acc3-300x120.jpg 300w\" sizes=\"(max-width: 938px) 100vw, 938px\" \/><\/div><\/li><li  class=' slide-4 ' ><div data-rel='slideshow-1' class='avia-slide-wrap '   ><img decoding=\"async\" class=\"wp-image-209 avia-img-lazy-loading-not-209\"  src=\"https:\/\/www.chaletdugermas.fr\/fr\/wp-content\/uploads\/2015\/03\/slider_acc7.jpg\" width=\"938\" height=\"375\" title='Chalet du Germas' alt='Chalet du Germas'  itemprop=\"thumbnailUrl\" srcset=\"https:\/\/www.chaletdugermas.fr\/fr\/wp-content\/uploads\/2015\/03\/slider_acc7.jpg 938w, https:\/\/www.chaletdugermas.fr\/fr\/wp-content\/uploads\/2015\/03\/slider_acc7-300x120.jpg 300w\" sizes=\"(max-width: 938px) 100vw, 938px\" \/><\/div><\/li><li  class=' slide-5 ' ><div data-rel='slideshow-1' class='avia-slide-wrap '   ><img decoding=\"async\" class=\"wp-image-208 avia-img-lazy-loading-not-208\"  src=\"https:\/\/www.chaletdugermas.fr\/fr\/wp-content\/uploads\/2015\/03\/slider_acc6.jpg\" width=\"938\" height=\"375\" title='Nos amis les motards' alt='Nos amis les motards'  itemprop=\"thumbnailUrl\" srcset=\"https:\/\/www.chaletdugermas.fr\/fr\/wp-content\/uploads\/2015\/03\/slider_acc6.jpg 938w, https:\/\/www.chaletdugermas.fr\/fr\/wp-content\/uploads\/2015\/03\/slider_acc6-300x120.jpg 300w\" sizes=\"(max-width: 938px) 100vw, 938px\" \/><\/div><\/li><\/ul><div class='avia-slideshow-arrows avia-slideshow-controls'><a href='#prev' class='prev-slide' aria-hidden='true' data-av_icon='\ue87c' data-av_iconfont='entypo-fontello' aria-hidden=\"true\" tabindex=\"-1\">Pr\u00e9c\u00e9dent<\/a><a href='#next' class='next-slide' aria-hidden='true' data-av_icon='\ue87d' data-av_iconfont='entypo-fontello' aria-hidden=\"true\" tabindex=\"-1\">Suivant<\/a><\/div><div class='avia-slideshow-dots avia-slideshow-controls'><a href='#1' class='goto-slide active' >1<\/a><a href='#2' class='goto-slide ' >2<\/a><a href='#3' class='goto-slide ' >3<\/a><a href='#4' class='goto-slide ' >4<\/a><a href='#5' class='goto-slide ' >5<\/a><\/div><\/div><\/div>\n<div class=\"flex_column av_two_fifth  flex_column_div av-zero-column-padding first  avia-builder-el-3  el_after_av_one_full  el_before_av_three_fifth  column-top-margin\" style='border-radius:0px; '><section class=\"av_textblock_section \"  itemscope=\"itemscope\" itemtype=\"https:\/\/schema.org\/CreativeWork\" ><div class='avia_textblock  '   itemprop=\"text\" ><h2>BIENVENUE AU CHALET DU GERMAS<\/h2>\n<p><strong>Refuge Gite d\u2019\u00e9tape Chambres d\u2019h\u00f4tes H\u00e9bergement dans les Alpes Vall\u00e9e de l\u2019Ubaye.<\/strong>\u00a0Le Chalet du Germas est un havre de paix, rude en hiver, doux en \u00e9t\u00e9. Vous passerez vos vacances dans les Alpes, proche du col de l&rsquo;Arche \u00e0 1800 m d&rsquo;altitude.<\/p>\n<p><strong>La maison d&rsquo;h\u00f4tes le Chalet du Germas \u00e0 Maison M\u00e9ane,<\/strong>\u00a0hameau perch\u00e9 \u00e0 1800 m sur la commune de Larche (04), \u00e0 30 mn de\u00a0<a title=\"Ville de Barcelonette\" href=\"http:\/\/www.barcelonnette.com\/\" target=\"_blank\" rel=\"noopener\">Barcelonnette<\/a>\u00a0et des stations de ski :\u00a0<a title=\"Vars station de ski Hautes-Alpes - France\" href=\"http:\/\/www.vars.com\/\" target=\"_blank\" rel=\"noopener\">Vars<\/a>,\u00a0<a title=\"Station de ski de Pra Loup\" href=\"http:\/\/www.praloup.com\/\" target=\"_blank\" rel=\"noopener\">Pra-Loup<\/a>,\u00a0<a title=\"Station de ski du Sauze Super Sauze\" href=\"http:\/\/www.sauze.com\/\" target=\"_blank\" rel=\"noopener\">Le Sauze<\/a>\u00a0et Sainte-Anne. A 15 mn de Maison Meane, la\u00a0<a title=\"Jausiers, au coeur de la vall\u00e9e de l'Ubaye, au pied du col de Restefond la Bonette : Cyclotourisme, rafting, randonn\u00e9e, VTT,\" href=\"http:\/\/www.jausiers.com\/\" target=\"_blank\" rel=\"noopener\">commune de Jausiers<\/a>, point de d\u00e9part du col de la Bonnette, route la plus haute d\u2019Europe (2802 m). A 10 mn de Maison Meane, l\u2019Italie, le col de Larche (ou col de la Madelena) et ses villages typiques\u2026 Maison Meane, d\u00e9part de nombreuses randonn\u00e9es p\u00e9destres, \u00e0 skis, en raquettes et l&rsquo;acc\u00e8s \u00e0 de nombreux lacs de montagne. (accompagnement possible, si besoin)<\/p>\n<p><strong>\u00ab Possibilit\u00e9 de transfert par mini-bus d\u2019une vall\u00e9e \u00e0 une autre \u00bb \u2026<\/strong><\/p>\n<\/div><\/section><br \/>\n<section class=\"av_textblock_section \"  itemscope=\"itemscope\" itemtype=\"https:\/\/schema.org\/CreativeWork\" ><div class='avia_textblock  '   itemprop=\"text\" ><p><img loading=\"lazy\" decoding=\"async\" class=\"size-full wp-image-525 aligncenter\" src=\"https:\/\/www.chaletdugermas.fr\/fr\/wp-content\/uploads\/2022\/09\/info-resa.png\" alt=\"\" width=\"429\" height=\"181\" srcset=\"https:\/\/www.chaletdugermas.fr\/fr\/wp-content\/uploads\/2022\/09\/info-resa.png 429w, https:\/\/www.chaletdugermas.fr\/fr\/wp-content\/uploads\/2022\/09\/info-resa-300x127.png 300w\" sizes=\"(max-width: 429px) 100vw, 429px\" \/><\/p>\n<\/div><\/section><\/p><\/div>\n<div class=\"flex_column av_three_fifth  flex_column_div av-zero-column-padding   avia-builder-el-6  el_after_av_two_fifth  el_before_av_one_third  column-top-margin\" style='border-radius:0px; '><p><div  class='avia-video avia-video-16-9   av-lazyload-immediate  av-lazyload-video-embed  '   itemprop=\"video\" itemtype=\"https:\/\/schema.org\/VideoObject\"  data-original_url='https:\/\/youtu.be\/QWqSHyvUPxM' ><script type='text\/html' class='av-video-tmpl'><div class='avia-iframe-wrap'><iframe loading=\"lazy\" title=\"Ubaye ... Le Film\" width=\"1333\" height=\"1000\" src=\"https:\/\/www.youtube.com\/embed\/QWqSHyvUPxM?feature=oembed&autoplay=0&loop=0&controls=1&mute=0\" frameborder=\"0\" allow=\"accelerometer; autoplay; clipboard-write; encrypted-media; gyroscope; picture-in-picture\" allowfullscreen><\/iframe><\/div><\/script><div class='av-click-to-play-overlay'><div class=\"avia_playpause_icon\"><\/div><\/div><\/div><br \/>\n<div  style=' margin-top:10px; margin-bottom:10px;'  class='hr hr-custom hr-center hr-icon-no   avia-builder-el-8  el_after_av_video  el_before_av_textblock '><span class='hr-inner  inner-border-av-border-thin' style=' width:50px;' ><span class='hr-inner-style'><\/span><\/span><\/div><br \/>\n<section class=\"av_textblock_section \"  itemscope=\"itemscope\" itemtype=\"https:\/\/schema.org\/CreativeWork\" ><div class='avia_textblock  '   itemprop=\"text\" ><p style=\"text-align: center;\"><strong>Ne perdons pas de vu les gestes barri\u00e8res !<\/strong><img loading=\"lazy\" decoding=\"async\" class=\"wp-image-512 size-thumbnail aligncenter\" src=\"https:\/\/www.chaletdugermas.fr\/fr\/wp-content\/uploads\/2021\/09\/emoji-med-80x80.png\" alt=\"\" width=\"50\" height=\"50\" srcset=\"https:\/\/www.chaletdugermas.fr\/fr\/wp-content\/uploads\/2021\/09\/emoji-med-80x80.png 80w, https:\/\/www.chaletdugermas.fr\/fr\/wp-content\/uploads\/2021\/09\/emoji-med-300x300.png 300w, https:\/\/www.chaletdugermas.fr\/fr\/wp-content\/uploads\/2021\/09\/emoji-med-36x36.png 36w, https:\/\/www.chaletdugermas.fr\/fr\/wp-content\/uploads\/2021\/09\/emoji-med-180x180.png 180w, https:\/\/www.chaletdugermas.fr\/fr\/wp-content\/uploads\/2021\/09\/emoji-med.png 595w\" sizes=\"(max-width: 50px) 100vw, 50px\" \/><\/p>\n<\/div><\/section><\/p><\/div><div class=\"flex_column av_one_third  flex_column_div av-zero-column-padding first  avia-builder-el-10  el_after_av_three_fifth  el_before_av_one_third  \" style='border-radius:0px; '><section class=\"av_textblock_section \"  itemscope=\"itemscope\" itemtype=\"https:\/\/schema.org\/CreativeWork\" ><div class='avia_textblock  '   itemprop=\"text\" ><h2>MAISON D&rsquo;H\u00d4TE<\/h2>\n<p>Le chalet du Germas a vu le jour en 2005. Jacques et Anne-Marie ont eu un coup de c\u0153ur pour cette b\u00e2tisse situ\u00e9e au Hameau de Maison Meane, \u00e0 2 kms du village de Larche et \u00e0 4 kms de l\u2019Italie (dernier hameau fran\u00e7ais)&#8230;<\/p>\n<p><a href=\"http:\/\/www.chaletdugermas.fr\/fr\/maison-dhote-en-ubaye\/\"><img loading=\"lazy\" decoding=\"async\" class=\"wp-image-37 size-full aligncenter\" title=\"Maison d'h\u00f4te, chambres d'h\u00f4tes, h\u00e9bergement dans les Alpes\" src=\"https:\/\/www.chaletdugermas.fr\/fr\/wp-content\/uploads\/2015\/03\/maison_accueil.jpg\" alt=\"Maison d'h\u00f4te, chambres d'h\u00f4tes, h\u00e9bergement dans les Alpes\" width=\"300\" height=\"225\" \/><\/a><br \/>\n<img loading=\"lazy\" decoding=\"async\" class=\"alignnone size-full wp-image-399 aligncenter\" src=\"http:\/\/www.chaletdugermas.fr\/fr\/wp-content\/uploads\/2020\/11\/chalet-germas-hiver.jpg\" alt=\"chalet du germas hiver\" width=\"300\" height=\"225\" \/><\/p>\n<\/div><\/section><\/div><\/p>\n<div class=\"flex_column av_one_third  flex_column_div av-zero-column-padding   avia-builder-el-12  el_after_av_one_third  el_before_av_one_third  \" style='border-radius:0px; '><section class=\"av_textblock_section \"  itemscope=\"itemscope\" itemtype=\"https:\/\/schema.org\/CreativeWork\" ><div class='avia_textblock  '   itemprop=\"text\" ><h2>ACTIVIT\u00c9S<\/h2>\n<p>Outre les activit\u00e9s de neige (skis, raquettes, etc \u2026), au printemps et durant l\u2019\u00e9t\u00e9, Jacques et Anne-Marie organisent, des journ\u00e9es d\u00e9couvertes de plantes sauvages, qui sont ensuite cuisin\u00e9es et d\u00e9gust\u00e9es sur place.<\/p>\n<p><a href=\"http:\/\/www.chaletdugermas.fr\/fr\/activites\/\"><img loading=\"lazy\" decoding=\"async\" class=\"wp-image-44 size-medium aligncenter\" title=\"Chalet du Germas activit\u00e9s\" src=\"http:\/\/www.chaletdugermas.fr\/fr\/wp-content\/uploads\/2015\/03\/herbes_accueil-300x225.jpg\" alt=\"Chalet du Germas activit\u00e9s\" width=\"300\" height=\"225\" \/><\/a><br \/>\n<img loading=\"lazy\" decoding=\"async\" class=\"size-full wp-image-401 aligncenter\" src=\"http:\/\/www.chaletdugermas.fr\/fr\/wp-content\/uploads\/2020\/11\/mur-escalade-chalet-germas.jpg\" alt=\"mur-escalade-chalet-germas\" width=\"300\" height=\"255\" \/><em>\u00a0\u00bb Pour votre location de mat\u00e9riel <\/em><em>\u00a0<a href=\"mailto:LAMONTAGNESPORTBARCELONNETTE@ORANGE.FR\">LAMONTAGNESPORTBARCELONNETTE@ORANGE.FR<\/a> T\u00e9l. 04 92 81 02 15 \u00ab\u00a0<\/em><\/p>\n<\/div><\/section><\/div>\n<div class=\"flex_column av_one_third  flex_column_div av-zero-column-padding   avia-builder-el-14  el_after_av_one_third  el_before_av_section  avia-builder-el-last  \" style='border-radius:0px; '><section class=\"av_textblock_section \"  itemscope=\"itemscope\" itemtype=\"https:\/\/schema.org\/CreativeWork\" ><div class='avia_textblock  '   itemprop=\"text\" ><h2>COORDONN\u00c9ES<\/h2>\n<p>Chalet du Germas<br \/>\nHameau de la Maison M\u00e9ane<br \/>\n7 rue du Brec<br \/>\n04530 VAL D\u2019ORONAYE<br \/>\nT\u00e9l : 06 84 18 88 50 \/ 06 88 32 11 90<br \/>\n<a href=\"mailto:contact@chaletdugermas.fr\">contact@chaletdugermas.fr<\/a><\/p>\n<\/div><\/section><br \/>\n<div  style='height:100px' class='hr hr-invisible   avia-builder-el-16  el_after_av_textblock  el_before_av_textblock '><span class='hr-inner ' ><span class='hr-inner-style'><\/span><\/span><\/div><br \/>\n<section class=\"av_textblock_section \"  itemscope=\"itemscope\" itemtype=\"https:\/\/schema.org\/CreativeWork\" ><div class='avia_textblock  '   itemprop=\"text\" ><h2>CARTE<\/h2>\n<p><iframe loading=\"lazy\" src=\"https:\/\/www.google.com\/maps\/embed?pb=!1m18!1m12!1m3!1d729246.73345718!2d6.863992999999993!3d44.44095544514185!2m3!1f0!2f0!3f0!3m2!1i1024!2i768!4f13.1!3m3!1m2!1s0x12cce916fa698bbb%3A0x22cdb951f101ee50!2sMaison-M%C3%A9ane%2C+04530!5e0!3m2!1sfr!2sfr!4v1426760130165\" width=\"400\" height=\"333\" frameborder=\"0\"><\/iframe><\/p>\n<\/div><\/section><\/p><\/div>\n<\/div><\/div><\/div><!-- close content main div --><\/div><\/div><div id='av_section_1'  class='avia-section main_color avia-section-no-padding avia-no-border-styling  avia-bg-style-scroll  avia-builder-el-18  el_after_av_one_third  avia-builder-el-last   container_wrap fullsize' style=' '  ><div class='container' ><div class='template-page content  av-content-full alpha units'><div class='post-entry post-entry-type-page post-entry-5'><div class='entry-content-wrapper clearfix'>\n<section class=\"av_textblock_section \"  itemscope=\"itemscope\" itemtype=\"https:\/\/schema.org\/CreativeWork\" ><div class='avia_textblock  '   itemprop=\"text\" ><h2>Nos liens :<\/h2>\n<\/div><\/section>\n<div class=\"flex_column av_one_fourth  flex_column_div av-zero-column-padding first  avia-builder-el-20  el_after_av_textblock  el_before_av_one_fourth  column-top-margin\" style='border-radius:0px; '><section class=\"av_textblock_section \"  itemscope=\"itemscope\" itemtype=\"https:\/\/schema.org\/CreativeWork\" ><div class='avia_textblock  '   itemprop=\"text\" ><p><a href=\"http:\/\/www.ubaye.com\/\" target=\"_blank\" rel=\"noopener noreferrer\"><img loading=\"lazy\" decoding=\"async\" class=\"alignnone wp-image-515\" src=\"https:\/\/www.chaletdugermas.fr\/fr\/wp-content\/uploads\/2022\/01\/UBAYE_Logo_Vallee.jpg\" alt=\"\" width=\"150\" height=\"60\" srcset=\"https:\/\/www.chaletdugermas.fr\/fr\/wp-content\/uploads\/2022\/01\/UBAYE_Logo_Vallee.jpg 1000w, https:\/\/www.chaletdugermas.fr\/fr\/wp-content\/uploads\/2022\/01\/UBAYE_Logo_Vallee-300x120.jpg 300w, https:\/\/www.chaletdugermas.fr\/fr\/wp-content\/uploads\/2022\/01\/UBAYE_Logo_Vallee-768x306.jpg 768w, https:\/\/www.chaletdugermas.fr\/fr\/wp-content\/uploads\/2022\/01\/UBAYE_Logo_Vallee-705x281.jpg 705w\" sizes=\"(max-width: 150px) 100vw, 150px\" \/><\/a><\/p>\n<\/div><\/section><\/div><div class=\"flex_column av_one_fourth  flex_column_div av-zero-column-padding   avia-builder-el-22  el_after_av_one_fourth  el_before_av_one_fourth  column-top-margin\" style='border-radius:0px; '><section class=\"av_textblock_section \"  itemscope=\"itemscope\" itemtype=\"https:\/\/schema.org\/CreativeWork\" ><div class='avia_textblock  '   itemprop=\"text\" ><p><a href=\"http:\/\/www.mercantourecotourisme.eu\/\" target=\"_blank\" rel=\"noopener noreferrer\"><img loading=\"lazy\" decoding=\"async\" class=\"alignnone wp-image-55 size-full\" title=\"Site Internet de Mercantour \u00e9cotourisme\" src=\"http:\/\/www.chaletdugermas.fr\/fr\/wp-content\/uploads\/2015\/03\/lien-mercantour.jpg\" alt=\"Site Internet de Mercantour \u00e9cotourisme\" width=\"133\" height=\"50\" \/><\/a><\/p>\n<\/div><\/section><\/div><div class=\"flex_column av_one_fourth  flex_column_div av-zero-column-padding   avia-builder-el-24  el_after_av_one_fourth  el_before_av_one_fourth  column-top-margin\" style='border-radius:0px; '><section class=\"av_textblock_section \"  itemscope=\"itemscope\" itemtype=\"https:\/\/schema.org\/CreativeWork\" ><div class='avia_textblock  '   itemprop=\"text\" ><p><a href=\"http:\/\/www.tripadvisor.fr\/Hotel_Review-g5981029-d2074228-Reviews-Maison_d_hotes_Chalet_du_Germas-Larche_Alpes_de_Haute_Provence_Provence.html\" target=\"_blank\" rel=\"noopener noreferrer\"><img loading=\"lazy\" decoding=\"async\" class=\"alignnone wp-image-58 size-full\" title=\"Recommand\u00e9 sur TripAdvisor\" src=\"http:\/\/www.chaletdugermas.fr\/fr\/wp-content\/uploads\/2015\/03\/lien-tripadvisor.jpg\" alt=\"Recommand\u00e9 sur TripAdvisor\" width=\"75\" height=\"50\" \/><\/a><\/p>\n<\/div><\/section><\/div><div class=\"flex_column av_one_fourth  flex_column_div av-zero-column-padding first  avia-builder-el-26  el_after_av_one_fourth  el_before_av_one_fourth  column-top-margin\" style='border-radius:0px; '><section class=\"av_textblock_section \"  itemscope=\"itemscope\" itemtype=\"https:\/\/schema.org\/CreativeWork\" ><div class='avia_textblock  '   itemprop=\"text\" ><p><a href=\"http:\/\/www.rando-passion.com\/\" target=\"_blank\" rel=\"noopener noreferrer\"><img loading=\"lazy\" decoding=\"async\" class=\"alignnone wp-image-318 size-full\" title=\"Activit\u00e9s vacances nature autour du Chalet du Germas\" src=\"http:\/\/www.chaletdugermas.fr\/fr\/wp-content\/uploads\/2016\/12\/rando-passion.gif\" alt=\"Activit\u00e9s vacances nature autour du Chalet du Germas\" width=\"144\" height=\"50\" \/><\/a><\/p>\n<\/div><\/section><\/div><div class=\"flex_column av_one_fourth  flex_column_div av-zero-column-padding   avia-builder-el-28  el_after_av_one_fourth  el_before_av_one_fourth  column-top-margin\" style='border-radius:0px; '><section class=\"av_textblock_section \"  itemscope=\"itemscope\" itemtype=\"https:\/\/schema.org\/CreativeWork\" ><div class='avia_textblock  '   itemprop=\"text\" ><p><img loading=\"lazy\" decoding=\"async\" class=\"alignnone wp-image-338 size-full\" src=\"http:\/\/www.chaletdugermas.fr\/fr\/wp-content\/uploads\/2017\/04\/esprit-parc.jpg\" alt=\"\" width=\"101\" height=\"50\" \/><\/p>\n<\/div><\/section><\/div><div class=\"flex_column av_one_fourth  flex_column_div av-zero-column-padding   avia-builder-el-30  el_after_av_one_fourth  el_before_av_one_fourth  column-top-margin\" style='border-radius:0px; '><section class=\"av_textblock_section \"  itemscope=\"itemscope\" itemtype=\"https:\/\/schema.org\/CreativeWork\" ><div class='avia_textblock  '   itemprop=\"text\" ><p><img loading=\"lazy\" decoding=\"async\" class=\"alignnone wp-image-339 size-full\" src=\"http:\/\/www.chaletdugermas.fr\/fr\/wp-content\/uploads\/2017\/04\/gta.jpg\" alt=\"\" width=\"114\" height=\"50\" \/><\/p>\n<\/div><\/section><\/div><div class=\"flex_column av_one_fourth  flex_column_div av-zero-column-padding   avia-builder-el-32  el_after_av_one_fourth  avia-builder-el-last  column-top-margin\" style='border-radius:0px; '><section class=\"av_textblock_section \"  itemscope=\"itemscope\" itemtype=\"https:\/\/schema.org\/CreativeWork\" ><div class='avia_textblock  '   itemprop=\"text\" ><p><a href=\"http:\/\/www.spadtribu.fr\/\"><img loading=\"lazy\" decoding=\"async\" class=\"alignnone wp-image-376 \" src=\"http:\/\/www.chaletdugermas.fr\/fr\/wp-content\/uploads\/2020\/01\/logo2-150x150.png\" alt=\"spadtribu\" width=\"83\" height=\"83\" srcset=\"https:\/\/www.chaletdugermas.fr\/fr\/wp-content\/uploads\/2020\/01\/logo2-150x150.png 150w, https:\/\/www.chaletdugermas.fr\/fr\/wp-content\/uploads\/2020\/01\/logo2-50x50.png 50w\" sizes=\"(max-width: 83px) 100vw, 83px\" \/><\/a><\/p>\n<\/div><\/section><\/div>\n\n","protected":false},"excerpt":{"rendered":"","protected":false},"author":1,"featured_media":0,"parent":0,"menu_order":1,"comment_status":"closed","ping_status":"closed","template":"","meta":{"footnotes":""},"_links":{"self":[{"href":"https:\/\/www.chaletdugermas.fr\/fr\/wp-json\/wp\/v2\/pages\/5"}],"collection":[{"href":"https:\/\/www.chaletdugermas.fr\/fr\/wp-json\/wp\/v2\/pages"}],"about":[{"href":"https:\/\/www.chaletdugermas.fr\/fr\/wp-json\/wp\/v2\/types\/page"}],"author":[{"embeddable":true,"href":"https:\/\/www.chaletdugermas.fr\/fr\/wp-json\/wp\/v2\/users\/1"}],"replies":[{"embeddable":true,"href":"https:\/\/www.chaletdugermas.fr\/fr\/wp-json\/wp\/v2\/comments?post=5"}],"version-history":[{"count":99,"href":"https:\/\/www.chaletdugermas.fr\/fr\/wp-json\/wp\/v2\/pages\/5\/revisions"}],"predecessor-version":[{"id":531,"href":"https:\/\/www.chaletdugermas.fr\/fr\/wp-json\/wp\/v2\/pages\/5\/revisions\/531"}],"wp:attachment":[{"href":"https:\/\/www.chaletdugermas.fr\/fr\/wp-json\/wp\/v2\/media?parent=5"}],"curies":[{"name":"wp","href":"https:\/\/api.w.org\/{rel}","templated":true}]}}